{"id":8,"date":"2023-03-23T19:01:05","date_gmt":"2023-03-23T18:01:05","guid":{"rendered":"https:\/\/katthoefer-golf-design.de\/?page_id=8"},"modified":"2023-04-07T13:39:43","modified_gmt":"2023-04-07T11:39:43","slug":"katthoefer-golf-design","status":"publish","type":"page","link":"https:\/\/katthoefer-golf-design.de\/en\/","title":{"rendered":"Start"},"content":{"rendered":"<div data-elementor-type=\"wp-page\" data-elementor-id=\"8\" class=\"elementor elementor-8\">\n\t\t\t\t\t\t<section class=\"elementor-section elementor-top-section elementor-element elementor-element-743c76a elementor-section-full_width elementor-section-height-min-height elementor-section-items-bottom elementor-section-stretched elementor-section-height-default elementor-invisible\" data-id=\"743c76a\" data-element_type=\"section\" data-e-type=\"section\" data-settings=\"{&quot;stretch_section&quot;:&quot;section-stretched&quot;,&quot;background_background&quot;:&quot;classic&quot;,&quot;animation&quot;:&quot;fadeIn&quot;}\">\n\t\t\t\t\t\t\t<div class=\"elementor-background-overlay\"><\/div>\n\t\t\t\t\t\t\t<div class=\"elementor-container elementor-column-gap-default\">\n\t\t\t\t\t<div class=\"elementor-column elementor-col-100 elementor-top-column elementor-element elementor-element-48fb442\" data-id=\"48fb442\" data-element_type=\"column\" data-e-type=\"column\">\n\t\t\t<div class=\"elementor-widget-wrap elementor-element-populated\">\n\t\t\t\t\t\t<div class=\"elementor-element elementor-element-d69227d elementor-invisible elementor-widget elementor-widget-heading\" data-id=\"d69227d\" data-element_type=\"widget\" data-e-type=\"widget\" data-settings=\"{&quot;_animation&quot;:&quot;zoomIn&quot;}\" data-widget_type=\"heading.default\">\n\t\t\t\t<div class=\"elementor-widget-container\">\n\t\t\t\t\t<h1 class=\"elementor-heading-title elementor-size-default\">Katthoefer Golf Design<\/h1>\t\t\t\t<\/div>\n\t\t\t\t<\/div>\n\t\t\t\t<div class=\"elementor-element elementor-element-5226539 elementor-invisible elementor-widget elementor-widget-heading\" data-id=\"5226539\" data-element_type=\"widget\" data-e-type=\"widget\" data-settings=\"{&quot;_animation&quot;:&quot;zoomIn&quot;}\" data-widget_type=\"heading.default\">\n\t\t\t\t<div class=\"elementor-widget-container\">\n\t\t\t\t\t<h5 class=\"elementor-heading-title elementor-size-default\">The website for creative golf course design.<\/h5>\t\t\t\t<\/div>\n\t\t\t\t<\/div>\n\t\t\t\t\t<\/div>\n\t\t<\/div>\n\t\t\t\t\t<\/div>\n\t\t<\/section>\n\t\t\t\t<section class=\"elementor-section elementor-top-section elementor-element elementor-element-5bffcb5 elementor-section-boxed elementor-section-height-default elementor-section-height-default\" data-id=\"5bffcb5\" data-element_type=\"section\" data-e-type=\"section\">\n\t\t\t\t\t\t<div class=\"elementor-container elementor-column-gap-default\">\n\t\t\t\t\t<div class=\"elementor-column elementor-col-100 elementor-top-column elementor-element elementor-element-bc27038\" data-id=\"bc27038\" data-element_type=\"column\" data-e-type=\"column\">\n\t\t\t<div class=\"elementor-widget-wrap elementor-element-populated\">\n\t\t\t\t\t\t<div class=\"elementor-element elementor-element-5aad84a elementor-invisible elementor-widget elementor-widget-text-editor\" data-id=\"5aad84a\" data-element_type=\"widget\" data-e-type=\"widget\" data-settings=\"{&quot;_animation&quot;:&quot;zoomIn&quot;}\" data-widget_type=\"text-editor.default\">\n\t\t\t\t<div class=\"elementor-widget-container\">\n\t\t\t\t\t\t\t\t\t<p>With many years of competence in planning golf courses for new construction and renovation.    \nWe offer an individual and service-oriented supervision from the initial consultancy and planning phase until implementation<\/p>\t\t\t\t\t\t\t\t<\/div>\n\t\t\t\t<\/div>\n\t\t\t\t\t<\/div>\n\t\t<\/div>\n\t\t\t\t\t<\/div>\n\t\t<\/section>\n\t\t\t\t<section class=\"elementor-section elementor-top-section elementor-element elementor-element-00a11a0 elementor-section-boxed elementor-section-height-default elementor-section-height-default\" data-id=\"00a11a0\" data-element_type=\"section\" data-e-type=\"section\">\n\t\t\t\t\t\t<div class=\"elementor-container elementor-column-gap-default\">\n\t\t\t\t\t<div class=\"elementor-column elementor-col-33 elementor-top-column elementor-element elementor-element-cacd07a\" data-id=\"cacd07a\" data-element_type=\"column\" data-e-type=\"column\">\n\t\t\t<div class=\"elementor-widget-wrap elementor-element-populated\">\n\t\t\t\t\t\t<div class=\"elementor-element elementor-element-1eb20f9 elementor-widget elementor-widget-image\" data-id=\"1eb20f9\" data-element_type=\"widget\" data-e-type=\"widget\" data-widget_type=\"image.default\">\n\t\t\t\t<div class=\"elementor-widget-container\">\n\t\t\t\t\t\t\t\t\t\t\t\t\t\t\t\t<a href=\"https:\/\/katthoefer-golf-design.de\/katthoefer-golf-design-2\/\">\n\t\t\t\t\t\t\t<img decoding=\"async\" width=\"150\" height=\"126\" src=\"https:\/\/katthoefer-golf-design.de\/wp-content\/uploads\/2023\/03\/Bitmap50-150x126.jpg\" class=\"attachment-thumbnail size-thumbnail wp-image-120\" alt=\"\" \/>\t\t\t\t\t\t\t\t<\/a>\n\t\t\t\t\t\t\t\t\t\t\t\t\t\t\t<\/div>\n\t\t\t\t<\/div>\n\t\t\t\t<div class=\"elementor-element elementor-element-e5423ef elementor-widget elementor-widget-text-editor\" data-id=\"e5423ef\" data-element_type=\"widget\" data-e-type=\"widget\" data-widget_type=\"text-editor.default\">\n\t\t\t\t<div class=\"elementor-widget-container\">\n\t\t\t\t\t\t\t\t\t<p>New Development<\/p>\t\t\t\t\t\t\t\t<\/div>\n\t\t\t\t<\/div>\n\t\t\t\t\t<\/div>\n\t\t<\/div>\n\t\t\t\t<div class=\"elementor-column elementor-col-33 elementor-top-column elementor-element elementor-element-537ea3a\" data-id=\"537ea3a\" data-element_type=\"column\" data-e-type=\"column\">\n\t\t\t<div class=\"elementor-widget-wrap elementor-element-populated\">\n\t\t\t\t\t\t<div class=\"elementor-element elementor-element-ae59fa5 elementor-widget elementor-widget-image\" data-id=\"ae59fa5\" data-element_type=\"widget\" data-e-type=\"widget\" data-widget_type=\"image.default\">\n\t\t\t\t<div class=\"elementor-widget-container\">\n\t\t\t\t\t\t\t\t\t\t\t\t\t\t\t\t<a href=\"https:\/\/katthoefer-golf-design.de\/umbau-re-design\/\">\n\t\t\t\t\t\t\t<img decoding=\"async\" src=\"https:\/\/katthoefer-golf-design.de\/wp-content\/uploads\/2023\/03\/Bitmap51.jpg\" title=\"\" alt=\"\" loading=\"lazy\" \/>\t\t\t\t\t\t\t\t<\/a>\n\t\t\t\t\t\t\t\t\t\t\t\t\t\t\t<\/div>\n\t\t\t\t<\/div>\n\t\t\t\t<div class=\"elementor-element elementor-element-0ba3566 elementor-widget elementor-widget-text-editor\" data-id=\"0ba3566\" data-element_type=\"widget\" data-e-type=\"widget\" data-widget_type=\"text-editor.default\">\n\t\t\t\t<div class=\"elementor-widget-container\">\n\t\t\t\t\t\t\t\t\t<p>RE-DESIGN<\/p>\t\t\t\t\t\t\t\t<\/div>\n\t\t\t\t<\/div>\n\t\t\t\t\t<\/div>\n\t\t<\/div>\n\t\t\t\t<div class=\"elementor-column elementor-col-33 elementor-top-column elementor-element elementor-element-6e9fb5e\" data-id=\"6e9fb5e\" data-element_type=\"column\" data-e-type=\"column\">\n\t\t\t<div class=\"elementor-widget-wrap elementor-element-populated\">\n\t\t\t\t\t\t<div class=\"elementor-element elementor-element-ea8988b elementor-widget elementor-widget-image\" data-id=\"ea8988b\" data-element_type=\"widget\" data-e-type=\"widget\" data-widget_type=\"image.default\">\n\t\t\t\t<div class=\"elementor-widget-container\">\n\t\t\t\t\t\t\t\t\t\t\t\t\t\t\t\t<a href=\"https:\/\/katthoefer-golf-design.de\/grafik\/\">\n\t\t\t\t\t\t\t<img decoding=\"async\" width=\"150\" height=\"136\" src=\"https:\/\/katthoefer-golf-design.de\/wp-content\/uploads\/2023\/03\/Bitmap52-150x136.jpg\" class=\"attachment-thumbnail size-thumbnail wp-image-240\" alt=\"\" \/>\t\t\t\t\t\t\t\t<\/a>\n\t\t\t\t\t\t\t\t\t\t\t\t\t\t\t<\/div>\n\t\t\t\t<\/div>\n\t\t\t\t<div class=\"elementor-element elementor-element-9c940be elementor-widget elementor-widget-text-editor\" data-id=\"9c940be\" data-element_type=\"widget\" data-e-type=\"widget\" data-widget_type=\"text-editor.default\">\n\t\t\t\t<div class=\"elementor-widget-container\">\n\t\t\t\t\t\t\t\t\t<p>Graphics<\/p>\t\t\t\t\t\t\t\t<\/div>\n\t\t\t\t<\/div>\n\t\t\t\t\t<\/div>\n\t\t<\/div>\n\t\t\t\t\t<\/div>\n\t\t<\/section>\n\t\t\t\t<\/div>","protected":false},"excerpt":{"rendered":"<p>Katthoefer Golf Design Das B\u00fcro f\u00fcr kreatives Golfcourse-Design Das Planungsb\u00fcro steht f\u00fcr langj\u00e4hrige Kompetenz in der innovativen Golfanlagenplanung f\u00fcr Neu- und Umbauma\u00dfnahmen. Sie erhalten\u00a0individuelle und serviceorientierte Betreuung von der Erstberatung und Planung bis zur\u00a0 Fertigstellung. Neubau Umbau Grafik<\/p>","protected":false},"author":1,"featured_media":0,"parent":0,"menu_order":0,"comment_status":"closed","ping_status":"closed","template":"elementor_header_footer","meta":{"footnotes":""},"class_list":["post-8","page","type-page","status-publish"],"yoast_head":"<!-- This site is optimized with the Yoast SEO plugin v27.5 - https:\/\/yoast.com\/product\/yoast-seo-wordpress\/ -->\n<title>Start - Katthoefer Golf Design<\/title>\n<meta name=\"robots\" content=\"index, follow, max-snippet:-1, max-image-preview:large, max-video-preview:-1\" \/>\n<link rel=\"canonical\" href=\"https:\/\/katthoefer-golf-design.de\/en\/\" \/>\n<meta property=\"og:locale\" content=\"en_US\" \/>\n<meta property=\"og:type\" content=\"article\" \/>\n<meta property=\"og:title\" content=\"Start - Katthoefer Golf Design\" \/>\n<meta property=\"og:description\" content=\"Katthoefer Golf Design Das B\u00fcro f\u00fcr kreatives Golfcourse-Design Das Planungsb\u00fcro steht f\u00fcr langj\u00e4hrige Kompetenz in der innovativen Golfanlagenplanung f\u00fcr Neu- und Umbauma\u00dfnahmen. Sie erhalten\u00a0individuelle und serviceorientierte Betreuung von der Erstberatung und Planung bis zur\u00a0 Fertigstellung. Neubau Umbau Grafik\" \/>\n<meta property=\"og:url\" content=\"https:\/\/katthoefer-golf-design.de\/en\/\" \/>\n<meta property=\"og:site_name\" content=\"Katthoefer Golf Design\" \/>\n<meta property=\"article:modified_time\" content=\"2023-04-07T11:39:43+00:00\" \/>\n<meta property=\"og:image\" content=\"https:\/\/katthoefer-golf-design.de\/wp-content\/uploads\/2023\/03\/Bitmap50-150x126.jpg\" \/>\n<meta name=\"twitter:card\" content=\"summary_large_image\" \/>\n<meta name=\"twitter:label1\" content=\"Est. reading time\" \/>\n\t<meta name=\"twitter:data1\" content=\"1 minute\" \/>\n<script type=\"application\/ld+json\" class=\"yoast-schema-graph\">{\"@context\":\"https:\\\/\\\/schema.org\",\"@graph\":[{\"@type\":\"WebPage\",\"@id\":\"https:\\\/\\\/katthoefer-golf-design.de\\\/de_de\\\/\",\"url\":\"https:\\\/\\\/katthoefer-golf-design.de\\\/de_de\\\/\",\"name\":\"Start - Katthoefer Golf Design\",\"isPartOf\":{\"@id\":\"https:\\\/\\\/katthoefer-golf-design.de\\\/de_de\\\/#website\"},\"primaryImageOfPage\":{\"@id\":\"https:\\\/\\\/katthoefer-golf-design.de\\\/de_de\\\/#primaryimage\"},\"image\":{\"@id\":\"https:\\\/\\\/katthoefer-golf-design.de\\\/de_de\\\/#primaryimage\"},\"thumbnailUrl\":\"https:\\\/\\\/katthoefer-golf-design.de\\\/wp-content\\\/uploads\\\/2023\\\/03\\\/Bitmap50-150x126.jpg\",\"datePublished\":\"2023-03-23T18:01:05+00:00\",\"dateModified\":\"2023-04-07T11:39:43+00:00\",\"breadcrumb\":{\"@id\":\"https:\\\/\\\/katthoefer-golf-design.de\\\/de_de\\\/#breadcrumb\"},\"inLanguage\":\"en-US\",\"potentialAction\":[{\"@type\":\"ReadAction\",\"target\":[\"https:\\\/\\\/katthoefer-golf-design.de\\\/de_de\\\/\"]}]},{\"@type\":\"ImageObject\",\"inLanguage\":\"en-US\",\"@id\":\"https:\\\/\\\/katthoefer-golf-design.de\\\/de_de\\\/#primaryimage\",\"url\":\"https:\\\/\\\/katthoefer-golf-design.de\\\/wp-content\\\/uploads\\\/2023\\\/03\\\/Bitmap50-150x126.jpg\",\"contentUrl\":\"https:\\\/\\\/katthoefer-golf-design.de\\\/wp-content\\\/uploads\\\/2023\\\/03\\\/Bitmap50-150x126.jpg\"},{\"@type\":\"BreadcrumbList\",\"@id\":\"https:\\\/\\\/katthoefer-golf-design.de\\\/de_de\\\/#breadcrumb\",\"itemListElement\":[{\"@type\":\"ListItem\",\"position\":1,\"name\":\"Home\",\"item\":\"https:\\\/\\\/katthoefer-golf-design.de\\\/de_de\\\/\"},{\"@type\":\"ListItem\",\"position\":2,\"name\":\"Start\"}]},{\"@type\":\"WebSite\",\"@id\":\"https:\\\/\\\/katthoefer-golf-design.de\\\/de_de\\\/#website\",\"url\":\"https:\\\/\\\/katthoefer-golf-design.de\\\/de_de\\\/\",\"name\":\"Katthoefer Golf Design\",\"description\":\"Das B&uuml;ro f&uuml;r kreatives Golf-Design, ( Golfplatzarchitektur, Renovierung )\",\"publisher\":{\"@id\":\"https:\\\/\\\/katthoefer-golf-design.de\\\/de_de\\\/#organization\"},\"potentialAction\":[{\"@type\":\"SearchAction\",\"target\":{\"@type\":\"EntryPoint\",\"urlTemplate\":\"https:\\\/\\\/katthoefer-golf-design.de\\\/de_de\\\/?s={search_term_string}\"},\"query-input\":{\"@type\":\"PropertyValueSpecification\",\"valueRequired\":true,\"valueName\":\"search_term_string\"}}],\"inLanguage\":\"en-US\"},{\"@type\":\"Organization\",\"@id\":\"https:\\\/\\\/katthoefer-golf-design.de\\\/de_de\\\/#organization\",\"name\":\"Katthoefer Golf Design\",\"url\":\"https:\\\/\\\/katthoefer-golf-design.de\\\/de_de\\\/\",\"logo\":{\"@type\":\"ImageObject\",\"inLanguage\":\"en-US\",\"@id\":\"https:\\\/\\\/katthoefer-golf-design.de\\\/de_de\\\/#\\\/schema\\\/logo\\\/image\\\/\",\"url\":\"https:\\\/\\\/katthoefer-golf-design.de\\\/wp-content\\\/uploads\\\/2023\\\/03\\\/cropped-kgd-Logo.jpg\",\"contentUrl\":\"https:\\\/\\\/katthoefer-golf-design.de\\\/wp-content\\\/uploads\\\/2023\\\/03\\\/cropped-kgd-Logo.jpg\",\"width\":1037,\"height\":572,\"caption\":\"Katthoefer Golf Design\"},\"image\":{\"@id\":\"https:\\\/\\\/katthoefer-golf-design.de\\\/de_de\\\/#\\\/schema\\\/logo\\\/image\\\/\"}}]}<\/script>\n<!-- \/ Yoast SEO plugin. -->","yoast_head_json":{"title":"Start - Katthoefer Golf Design","robots":{"index":"index","follow":"follow","max-snippet":"max-snippet:-1","max-image-preview":"max-image-preview:large","max-video-preview":"max-video-preview:-1"},"canonical":"https:\/\/katthoefer-golf-design.de\/en\/","og_locale":"en_US","og_type":"article","og_title":"Start - Katthoefer Golf Design","og_description":"Katthoefer Golf Design Das B\u00fcro f\u00fcr kreatives Golfcourse-Design Das Planungsb\u00fcro steht f\u00fcr langj\u00e4hrige Kompetenz in der innovativen Golfanlagenplanung f\u00fcr Neu- und Umbauma\u00dfnahmen. Sie erhalten\u00a0individuelle und serviceorientierte Betreuung von der Erstberatung und Planung bis zur\u00a0 Fertigstellung. Neubau Umbau Grafik","og_url":"https:\/\/katthoefer-golf-design.de\/en\/","og_site_name":"Katthoefer Golf Design","article_modified_time":"2023-04-07T11:39:43+00:00","og_image":[{"url":"https:\/\/katthoefer-golf-design.de\/wp-content\/uploads\/2023\/03\/Bitmap50-150x126.jpg","type":"","width":"","height":""}],"twitter_card":"summary_large_image","twitter_misc":{"Est. reading time":"1 minute"},"schema":{"@context":"https:\/\/schema.org","@graph":[{"@type":"WebPage","@id":"https:\/\/katthoefer-golf-design.de\/de_de\/","url":"https:\/\/katthoefer-golf-design.de\/de_de\/","name":"Start - Katthoefer Golf Design","isPartOf":{"@id":"https:\/\/katthoefer-golf-design.de\/de_de\/#website"},"primaryImageOfPage":{"@id":"https:\/\/katthoefer-golf-design.de\/de_de\/#primaryimage"},"image":{"@id":"https:\/\/katthoefer-golf-design.de\/de_de\/#primaryimage"},"thumbnailUrl":"https:\/\/katthoefer-golf-design.de\/wp-content\/uploads\/2023\/03\/Bitmap50-150x126.jpg","datePublished":"2023-03-23T18:01:05+00:00","dateModified":"2023-04-07T11:39:43+00:00","breadcrumb":{"@id":"https:\/\/katthoefer-golf-design.de\/de_de\/#breadcrumb"},"inLanguage":"en-US","potentialAction":[{"@type":"ReadAction","target":["https:\/\/katthoefer-golf-design.de\/de_de\/"]}]},{"@type":"ImageObject","inLanguage":"en-US","@id":"https:\/\/katthoefer-golf-design.de\/de_de\/#primaryimage","url":"https:\/\/katthoefer-golf-design.de\/wp-content\/uploads\/2023\/03\/Bitmap50-150x126.jpg","contentUrl":"https:\/\/katthoefer-golf-design.de\/wp-content\/uploads\/2023\/03\/Bitmap50-150x126.jpg"},{"@type":"BreadcrumbList","@id":"https:\/\/katthoefer-golf-design.de\/de_de\/#breadcrumb","itemListElement":[{"@type":"ListItem","position":1,"name":"Home","item":"https:\/\/katthoefer-golf-design.de\/de_de\/"},{"@type":"ListItem","position":2,"name":"Start"}]},{"@type":"WebSite","@id":"https:\/\/katthoefer-golf-design.de\/de_de\/#website","url":"https:\/\/katthoefer-golf-design.de\/de_de\/","name":"Katthoefer Golf Design","description":"Das B&uuml;ro f&uuml;r kreatives Golf-Design, ( Golfplatzarchitektur, Renovierung )","publisher":{"@id":"https:\/\/katthoefer-golf-design.de\/de_de\/#organization"},"potentialAction":[{"@type":"SearchAction","target":{"@type":"EntryPoint","urlTemplate":"https:\/\/katthoefer-golf-design.de\/de_de\/?s={search_term_string}"},"query-input":{"@type":"PropertyValueSpecification","valueRequired":true,"valueName":"search_term_string"}}],"inLanguage":"en-US"},{"@type":"Organization","@id":"https:\/\/katthoefer-golf-design.de\/de_de\/#organization","name":"Katthoefer Golf Design","url":"https:\/\/katthoefer-golf-design.de\/de_de\/","logo":{"@type":"ImageObject","inLanguage":"en-US","@id":"https:\/\/katthoefer-golf-design.de\/de_de\/#\/schema\/logo\/image\/","url":"https:\/\/katthoefer-golf-design.de\/wp-content\/uploads\/2023\/03\/cropped-kgd-Logo.jpg","contentUrl":"https:\/\/katthoefer-golf-design.de\/wp-content\/uploads\/2023\/03\/cropped-kgd-Logo.jpg","width":1037,"height":572,"caption":"Katthoefer Golf Design"},"image":{"@id":"https:\/\/katthoefer-golf-design.de\/de_de\/#\/schema\/logo\/image\/"}}]}},"_links":{"self":[{"href":"https:\/\/katthoefer-golf-design.de\/en\/wp-json\/wp\/v2\/pages\/8","targetHints":{"allow":["GET"]}}],"collection":[{"href":"https:\/\/katthoefer-golf-design.de\/en\/wp-json\/wp\/v2\/pages"}],"about":[{"href":"https:\/\/katthoefer-golf-design.de\/en\/wp-json\/wp\/v2\/types\/page"}],"author":[{"embeddable":true,"href":"https:\/\/katthoefer-golf-design.de\/en\/wp-json\/wp\/v2\/users\/1"}],"replies":[{"embeddable":true,"href":"https:\/\/katthoefer-golf-design.de\/en\/wp-json\/wp\/v2\/comments?post=8"}],"version-history":[{"count":114,"href":"https:\/\/katthoefer-golf-design.de\/en\/wp-json\/wp\/v2\/pages\/8\/revisions"}],"predecessor-version":[{"id":839,"href":"https:\/\/katthoefer-golf-design.de\/en\/wp-json\/wp\/v2\/pages\/8\/revisions\/839"}],"wp:attachment":[{"href":"https:\/\/katthoefer-golf-design.de\/en\/wp-json\/wp\/v2\/media?parent=8"}],"curies":[{"name":"wp","href":"https:\/\/api.w.org\/{rel}","templated":true}]}}