{"id":789,"date":"2023-04-05T19:53:33","date_gmt":"2023-04-05T17:53:33","guid":{"rendered":"https:\/\/katthoefer-golf-design.de\/?page_id=789"},"modified":"2023-04-05T20:06:08","modified_gmt":"2023-04-05T18:06:08","slug":"projekte-2","status":"publish","type":"page","link":"https:\/\/katthoefer-golf-design.de\/de_de\/projekte-2\/","title":{"rendered":"Projekte 2"},"content":{"rendered":"\t\t<div data-elementor-type=\"wp-page\" data-elementor-id=\"789\" class=\"elementor elementor-789\">\n\t\t\t\t\t\t<section class=\"elementor-section elementor-top-section elementor-element elementor-element-168cdea elementor-section-boxed elementor-section-height-default elementor-section-height-default\" data-id=\"168cdea\" data-element_type=\"section\" data-e-type=\"section\">\n\t\t\t\t\t\t<div class=\"elementor-container elementor-column-gap-default\">\n\t\t\t\t\t<div class=\"elementor-column elementor-col-100 elementor-top-column elementor-element elementor-element-f3ff562\" data-id=\"f3ff562\" data-element_type=\"column\" data-e-type=\"column\">\n\t\t\t<div class=\"elementor-widget-wrap elementor-element-populated\">\n\t\t\t\t\t\t<div class=\"elementor-element elementor-element-a25a0e7 elementor-widget elementor-widget-text-editor\" data-id=\"a25a0e7\" data-element_type=\"widget\" data-e-type=\"widget\" data-widget_type=\"text-editor.default\">\n\t\t\t\t<div class=\"elementor-widget-container\">\n\t\t\t\t\t\t\t\t\t\n<table id=\"tablepress-3\" class=\"tablepress tablepress-id-3\">\n<thead>\n<tr class=\"row-1\">\n\t<th class=\"column-1\">Projekte<\/th><th class=\"column-2\">Leistungen<\/th><th class=\"column-3\">Status<\/th>\n<\/tr>\n<\/thead>\n<tbody class=\"row-striping row-hover\">\n<tr class=\"row-2\">\n\t<td class=\"column-1\">Golfpark Dessau<\/td><td class=\"column-2\">Academy Course  Bau<\/td><td class=\"column-3\">Fertiggestellt<\/td>\n<\/tr>\n<tr class=\"row-3\">\n\t<td class=\"column-1\">Golfpark Dessau<\/td><td class=\"column-2\">Academy Course Planung<\/td><td class=\"column-3\">Fertiggestellt<\/td>\n<\/tr>\n<tr class=\"row-4\">\n\t<td class=\"column-1\">Golfplatz Sieben-Berge<\/td><td class=\"column-2\">Neubau Bahn 10 mit Teich, Bunkerumbau<\/td><td class=\"column-3\">Fertiggestellt<\/td>\n<\/tr>\n<tr class=\"row-5\">\n\t<td class=\"column-1\">Golfplatz Peine-Edemissen<\/td><td class=\"column-2\">Bunkerumbau, Beratung<\/td><td class=\"column-3\">Fertiggestellt<\/td>\n<\/tr>\n<tr class=\"row-6\">\n\t<td class=\"column-1\">Golfplatz Sieben-Berge<\/td><td class=\"column-2\">Bunkerkonzept, Planung Teich<\/td><td class=\"column-3\">Fertiggestellt<\/td>\n<\/tr>\n<tr class=\"row-7\">\n\t<td class=\"column-1\">GC Dortmund Royal St. Barbaras<\/td><td class=\"column-2\">Neubau Teich,  Bunker<\/td><td class=\"column-3\">Fertiggestellt<\/td>\n<\/tr>\n<tr class=\"row-8\">\n\t<td class=\"column-1\">GC Br\u00fcckhausen<\/td><td class=\"column-2\">Optimierungskonzept<\/td><td class=\"column-3\">Fertiggestellt<\/td>\n<\/tr>\n<tr class=\"row-9\">\n\t<td class=\"column-1\">Golf Course Baodun Lake, f\u00fcr Royal Golf International Group, CHINA<\/td><td class=\"column-2\">Resort-Anlage, 27 L\u00f6cher<\/td><td class=\"column-3\">Planung fertig<\/td>\n<\/tr>\n<tr class=\"row-10\">\n\t<td class=\"column-1\">Golfplatz Siegen-Olpe<\/td><td class=\"column-2\">Neubau Gr\u00fcn, Teich, Abschl\u00e4ge<\/td><td class=\"column-3\">Fertiggestellt<\/td>\n<\/tr>\n<tr class=\"row-11\">\n\t<td class=\"column-1\">Golfpark Dessau<\/td><td class=\"column-2\">Gesamtplanung und Bau  9-Loch-Anlage<\/td><td class=\"column-3\">Fertiggestellt<\/td>\n<\/tr>\n<tr class=\"row-12\">\n\t<td class=\"column-1\">Dortmunder Golf Club<\/td><td class=\"column-2\">Abschl\u00e4ge, Zielgr\u00fcns, Pitching-Green<\/td><td class=\"column-3\">Fertiggestellt<\/td>\n<\/tr>\n<tr class=\"row-13\">\n\t<td class=\"column-1\">Golfplatz Peine-Edemissen<\/td><td class=\"column-2\">Teichplanung und Bau, Bunkerneubau<\/td><td class=\"column-3\">Fertiggestellt<\/td>\n<\/tr>\n<tr class=\"row-14\">\n\t<td class=\"column-1\">Golfpark Dessau<\/td><td class=\"column-2\">Bahnenverl\u00e4ngerung, neues Gr\u00fcn u.Bunker<\/td><td class=\"column-3\">Fertiggestellt<\/td>\n<\/tr>\n<tr class=\"row-15\">\n\t<td class=\"column-1\">GC Dortmund Royal St. Barbaras<\/td><td class=\"column-2\">Neubau Gr\u00fcns, Fairway,  Bunker<\/td><td class=\"column-3\">Fertiggestellt<\/td>\n<\/tr>\n<tr class=\"row-16\">\n\t<td class=\"column-1\">GC Dortmund Royal St. Barbaras<\/td><td class=\"column-2\">Neubau Gr\u00fcns, Fairway,  Abschl\u00e4ge,   Fairwaymodellierung<\/td><td class=\"column-3\">Fertiggestellt<\/td>\n<\/tr>\n<tr class=\"row-17\">\n\t<td class=\"column-1\">Zuid Limburgse GCC   NL<\/td><td class=\"column-2\">Neubau Puttinggr\u00fcn und \u00dcbungsbereich, Umbau 3 Gr\u00fcns<\/td><td class=\"column-3\">Planung fertig<\/td>\n<\/tr>\n<tr class=\"row-18\">\n\t<td class=\"column-1\">Zuid Limburgse GCC   NL<\/td><td class=\"column-2\">Umbau 2 Gr\u00fcns<\/td><td class=\"column-3\">Fertiggestellt<\/td>\n<\/tr>\n<tr class=\"row-19\">\n\t<td class=\"column-1\">Golf-Resort  Toscana   Italien<\/td><td class=\"column-2\">In Co-Produktion:<\/td><td class=\"column-3\">Fertiggestellt<\/td>\n<\/tr>\n<tr class=\"row-20\">\n\t<td class=\"column-1\">GC Dortmund Royal St. Barbaras<\/td><td class=\"column-2\">Patz-Optimierung,  Neubau Gr\u00fcns,<\/td><td class=\"column-3\">Fertiggestellt<\/td>\n<\/tr>\n<tr class=\"row-21\">\n\t<td class=\"column-1\">Kapelkeshof Grashoek   NL<\/td><td class=\"column-2\">Short-Golf 18 L\u00f6cher<\/td><td class=\"column-3\">Er\u00f6ffnet<\/td>\n<\/tr>\n<tr class=\"row-22\">\n\t<td class=\"column-1\">Golfodome Reuver    NL<\/td><td class=\"column-2\">Short-Golf 18 L\u00f6cher<\/td><td class=\"column-3\">Er\u00f6ffnet<\/td>\n<\/tr>\n<tr class=\"row-23\">\n\t<td class=\"column-1\">GC Velbert Gut Kuhlendahl<\/td><td class=\"column-2\">Platz-Optimierung,   Bunker- Neubau<\/td><td class=\"column-3\">Fertiggestellt<\/td>\n<\/tr>\n<\/tbody>\n<\/table>\n<!-- #tablepress-3 from cache -->\n\n\n<table id=\"tablepress-5\" class=\"tablepress tablepress-id-5\">\n<thead>\n<tr class=\"row-1\">\n\t<th class=\"column-1\">Als langj\u00e4hriger Designer eines der gr\u00f6\u00dften deutschen  Golfplatz-Architektur-B\u00fcros war ich ma\u00dfgeblich an der Planung und Durchf\u00fchrung u.a. an folgenden realisierten Projekten beteiligt:<br \/>\n<strong><\/th>\n<\/tr>\n<\/thead>\n<tbody class=\"row-striping\">\n<\/tbody>\n<\/table>\n<!-- #tablepress-5 from cache -->\n\n\n<table id=\"tablepress-4\" class=\"tablepress tablepress-id-4\">\n<tbody class=\"row-striping row-hover\">\n<tr class=\"row-1\">\n\t<td class=\"column-1\">G&amp;LC  Ahaus<\/td><td class=\"column-2\">C Obere Alp St\u00fchlingen<\/td>\n<\/tr>\n<tr class=\"row-2\">\n\t<td class=\"column-1\">GC Am Meer Bad Zwischenahn<\/td><td class=\"column-2\">GC Odenwald Erweiterung<\/td>\n<\/tr>\n<tr class=\"row-3\">\n\t<td class=\"column-1\">GC Castrop-Rauxel<\/td><td class=\"column-2\">L&amp;GC \u00d6schberghof Erweiterung<\/td>\n<\/tr>\n<tr class=\"row-4\">\n\t<td class=\"column-1\">GC Dom\u00e4ne Niederreutin<\/td><td class=\"column-2\">GC Rheinhessen Wi\u00dfberg                   &#8211;  kompl.Bunker-Umbau<\/td>\n<\/tr>\n<tr class=\"row-5\">\n\t<td class=\"column-1\">GC Erftaue<\/td><td class=\"column-2\">GC Dortmund Royal St. Barbara&#8217;s    &#8211;  Teilerweiterung u. -umbau<\/td>\n<\/tr>\n<tr class=\"row-6\">\n\t<td class=\"column-1\">GC Golf &amp; More Duisburg<\/td><td class=\"column-2\">G&amp;LC Schloss Liebenstein<\/td>\n<\/tr>\n<tr class=\"row-7\">\n\t<td class=\"column-1\">GC Gut Kaden   1. Erweiterung<\/td><td class=\"column-2\">GC Schloss Monrepos Ludwigsburg<\/td>\n<\/tr>\n<tr class=\"row-8\">\n\t<td class=\"column-1\">GC Heddesheim Neuzenhof<\/td><td class=\"column-2\">LGC Schloss Moyland Erweiterung<\/td>\n<\/tr>\n<tr class=\"row-9\">\n\t<td class=\"column-1\">GC Heilbronn-Hohenlohe   Erweiterung<\/td><td class=\"column-2\">GC Siegen-Olpe Erweiterung<\/td>\n<\/tr>\n<tr class=\"row-10\">\n\t<td class=\"column-1\">GC Issum-Niederrhein   Neubau Gr\u00fcns<\/td><td class=\"column-2\">GC Vechta-Welpe<\/td>\n<\/tr>\n<tr class=\"row-11\">\n\t<td class=\"column-1\">GK L\u00fcbeck-Travem\u00fcnde   Erweiterung<\/td><td class=\"column-2\">GC Velbert-Kuhlendahl<\/td>\n<\/tr>\n<tr class=\"row-12\">\n\t<td class=\"column-1\">GC Mannheim-Viernheim   Erweiterung<\/td><td class=\"column-2\"><\/td>\n<\/tr>\n<tr class=\"row-13\">\n\t<td class=\"column-1\">GC Mannheim-Viernheim   Umbau  Altplatz<\/td><td class=\"column-2\"><\/td>\n<\/tr>\n<tr class=\"row-14\">\n\t<td class=\"column-1\">GC M\u00fclheim-Selbeck<\/td><td class=\"column-2\"><\/td>\n<\/tr>\n<tr class=\"row-15\">\n\t<td class=\"column-1\">GC M\u00fclheim-Raffelberg<\/td><td class=\"column-2\"><\/td>\n<\/tr>\n<tr class=\"row-16\">\n\t<td class=\"column-1\"><\/td><td class=\"column-2\"><\/td>\n<\/tr>\n<\/tbody>\n<\/table>\n<!-- #tablepress-4 from cache -->\t\t\t\t\t\t\t\t<\/div>\n\t\t\t\t<\/div>\n\t\t\t\t\t<\/div>\n\t\t<\/div>\n\t\t\t\t\t<\/div>\n\t\t<\/section>\n\t\t\t\t<\/div>\n\t\t","protected":false},"excerpt":{"rendered":"","protected":false},"author":1,"featured_media":0,"parent":0,"menu_order":0,"comment_status":"closed","ping_status":"closed","template":"","meta":{"footnotes":""},"class_list":["post-789","page","type-page","status-publish"],"yoast_head":"<!-- This site is optimized with the Yoast SEO plugin v27.5 - https:\/\/yoast.com\/product\/yoast-seo-wordpress\/ -->\n<title>Projekte 2 - Katthoefer Golf Design<\/title>\n<meta name=\"robots\" content=\"index, follow, max-snippet:-1, max-image-preview:large, max-video-preview:-1\" \/>\n<link rel=\"canonical\" href=\"https:\/\/katthoefer-golf-design.de\/de_de\/projekte-2\/\" \/>\n<meta property=\"og:locale\" content=\"de_DE\" \/>\n<meta property=\"og:type\" content=\"article\" \/>\n<meta property=\"og:title\" content=\"Projekte 2 - Katthoefer Golf Design\" \/>\n<meta property=\"og:url\" content=\"https:\/\/katthoefer-golf-design.de\/de_de\/projekte-2\/\" \/>\n<meta property=\"og:site_name\" content=\"Katthoefer Golf Design\" \/>\n<meta property=\"article:modified_time\" content=\"2023-04-05T18:06:08+00:00\" \/>\n<meta name=\"twitter:card\" content=\"summary_large_image\" \/>\n<meta name=\"twitter:label1\" content=\"Gesch\u00e4tzte Lesezeit\" \/>\n\t<meta name=\"twitter:data1\" content=\"2\u00a0Minuten\" \/>\n<script type=\"application\/ld+json\" class=\"yoast-schema-graph\">{\"@context\":\"https:\\\/\\\/schema.org\",\"@graph\":[{\"@type\":\"WebPage\",\"@id\":\"https:\\\/\\\/katthoefer-golf-design.de\\\/en\\\/projekte-2\\\/\",\"url\":\"https:\\\/\\\/katthoefer-golf-design.de\\\/en\\\/projekte-2\\\/\",\"name\":\"Projekte 2 - Katthoefer Golf Design\",\"isPartOf\":{\"@id\":\"https:\\\/\\\/katthoefer-golf-design.de\\\/de_de\\\/#website\"},\"datePublished\":\"2023-04-05T17:53:33+00:00\",\"dateModified\":\"2023-04-05T18:06:08+00:00\",\"breadcrumb\":{\"@id\":\"https:\\\/\\\/katthoefer-golf-design.de\\\/en\\\/projekte-2\\\/#breadcrumb\"},\"inLanguage\":\"de\",\"potentialAction\":[{\"@type\":\"ReadAction\",\"target\":[\"https:\\\/\\\/katthoefer-golf-design.de\\\/en\\\/projekte-2\\\/\"]}]},{\"@type\":\"BreadcrumbList\",\"@id\":\"https:\\\/\\\/katthoefer-golf-design.de\\\/en\\\/projekte-2\\\/#breadcrumb\",\"itemListElement\":[{\"@type\":\"ListItem\",\"position\":1,\"name\":\"Home\",\"item\":\"https:\\\/\\\/katthoefer-golf-design.de\\\/de_de\\\/\"},{\"@type\":\"ListItem\",\"position\":2,\"name\":\"Projekte 2\"}]},{\"@type\":\"WebSite\",\"@id\":\"https:\\\/\\\/katthoefer-golf-design.de\\\/de_de\\\/#website\",\"url\":\"https:\\\/\\\/katthoefer-golf-design.de\\\/de_de\\\/\",\"name\":\"Katthoefer Golf Design\",\"description\":\"Das B&uuml;ro f&uuml;r kreatives Golf-Design, ( Golfplatzarchitektur, Renovierung )\",\"publisher\":{\"@id\":\"https:\\\/\\\/katthoefer-golf-design.de\\\/de_de\\\/#organization\"},\"potentialAction\":[{\"@type\":\"SearchAction\",\"target\":{\"@type\":\"EntryPoint\",\"urlTemplate\":\"https:\\\/\\\/katthoefer-golf-design.de\\\/de_de\\\/?s={search_term_string}\"},\"query-input\":{\"@type\":\"PropertyValueSpecification\",\"valueRequired\":true,\"valueName\":\"search_term_string\"}}],\"inLanguage\":\"de\"},{\"@type\":\"Organization\",\"@id\":\"https:\\\/\\\/katthoefer-golf-design.de\\\/de_de\\\/#organization\",\"name\":\"Katthoefer Golf Design\",\"url\":\"https:\\\/\\\/katthoefer-golf-design.de\\\/de_de\\\/\",\"logo\":{\"@type\":\"ImageObject\",\"inLanguage\":\"de\",\"@id\":\"https:\\\/\\\/katthoefer-golf-design.de\\\/de_de\\\/#\\\/schema\\\/logo\\\/image\\\/\",\"url\":\"https:\\\/\\\/katthoefer-golf-design.de\\\/wp-content\\\/uploads\\\/2023\\\/03\\\/cropped-kgd-Logo.jpg\",\"contentUrl\":\"https:\\\/\\\/katthoefer-golf-design.de\\\/wp-content\\\/uploads\\\/2023\\\/03\\\/cropped-kgd-Logo.jpg\",\"width\":1037,\"height\":572,\"caption\":\"Katthoefer Golf Design\"},\"image\":{\"@id\":\"https:\\\/\\\/katthoefer-golf-design.de\\\/de_de\\\/#\\\/schema\\\/logo\\\/image\\\/\"}}]}<\/script>\n<!-- \/ Yoast SEO plugin. -->","yoast_head_json":{"title":"Projekte 2 - Katthoefer Golf Design","robots":{"index":"index","follow":"follow","max-snippet":"max-snippet:-1","max-image-preview":"max-image-preview:large","max-video-preview":"max-video-preview:-1"},"canonical":"https:\/\/katthoefer-golf-design.de\/de_de\/projekte-2\/","og_locale":"de_DE","og_type":"article","og_title":"Projekte 2 - Katthoefer Golf Design","og_url":"https:\/\/katthoefer-golf-design.de\/de_de\/projekte-2\/","og_site_name":"Katthoefer Golf Design","article_modified_time":"2023-04-05T18:06:08+00:00","twitter_card":"summary_large_image","twitter_misc":{"Gesch\u00e4tzte Lesezeit":"2\u00a0Minuten"},"schema":{"@context":"https:\/\/schema.org","@graph":[{"@type":"WebPage","@id":"https:\/\/katthoefer-golf-design.de\/en\/projekte-2\/","url":"https:\/\/katthoefer-golf-design.de\/en\/projekte-2\/","name":"Projekte 2 - Katthoefer Golf Design","isPartOf":{"@id":"https:\/\/katthoefer-golf-design.de\/de_de\/#website"},"datePublished":"2023-04-05T17:53:33+00:00","dateModified":"2023-04-05T18:06:08+00:00","breadcrumb":{"@id":"https:\/\/katthoefer-golf-design.de\/en\/projekte-2\/#breadcrumb"},"inLanguage":"de","potentialAction":[{"@type":"ReadAction","target":["https:\/\/katthoefer-golf-design.de\/en\/projekte-2\/"]}]},{"@type":"BreadcrumbList","@id":"https:\/\/katthoefer-golf-design.de\/en\/projekte-2\/#breadcrumb","itemListElement":[{"@type":"ListItem","position":1,"name":"Home","item":"https:\/\/katthoefer-golf-design.de\/de_de\/"},{"@type":"ListItem","position":2,"name":"Projekte 2"}]},{"@type":"WebSite","@id":"https:\/\/katthoefer-golf-design.de\/de_de\/#website","url":"https:\/\/katthoefer-golf-design.de\/de_de\/","name":"Katthoefer Golf Design","description":"Das B&uuml;ro f&uuml;r kreatives Golf-Design, ( Golfplatzarchitektur, Renovierung )","publisher":{"@id":"https:\/\/katthoefer-golf-design.de\/de_de\/#organization"},"potentialAction":[{"@type":"SearchAction","target":{"@type":"EntryPoint","urlTemplate":"https:\/\/katthoefer-golf-design.de\/de_de\/?s={search_term_string}"},"query-input":{"@type":"PropertyValueSpecification","valueRequired":true,"valueName":"search_term_string"}}],"inLanguage":"de"},{"@type":"Organization","@id":"https:\/\/katthoefer-golf-design.de\/de_de\/#organization","name":"Katthoefer Golf Design","url":"https:\/\/katthoefer-golf-design.de\/de_de\/","logo":{"@type":"ImageObject","inLanguage":"de","@id":"https:\/\/katthoefer-golf-design.de\/de_de\/#\/schema\/logo\/image\/","url":"https:\/\/katthoefer-golf-design.de\/wp-content\/uploads\/2023\/03\/cropped-kgd-Logo.jpg","contentUrl":"https:\/\/katthoefer-golf-design.de\/wp-content\/uploads\/2023\/03\/cropped-kgd-Logo.jpg","width":1037,"height":572,"caption":"Katthoefer Golf Design"},"image":{"@id":"https:\/\/katthoefer-golf-design.de\/de_de\/#\/schema\/logo\/image\/"}}]}},"_links":{"self":[{"href":"https:\/\/katthoefer-golf-design.de\/de_de\/wp-json\/wp\/v2\/pages\/789","targetHints":{"allow":["GET"]}}],"collection":[{"href":"https:\/\/katthoefer-golf-design.de\/de_de\/wp-json\/wp\/v2\/pages"}],"about":[{"href":"https:\/\/katthoefer-golf-design.de\/de_de\/wp-json\/wp\/v2\/types\/page"}],"author":[{"embeddable":true,"href":"https:\/\/katthoefer-golf-design.de\/de_de\/wp-json\/wp\/v2\/users\/1"}],"replies":[{"embeddable":true,"href":"https:\/\/katthoefer-golf-design.de\/de_de\/wp-json\/wp\/v2\/comments?post=789"}],"version-history":[{"count":4,"href":"https:\/\/katthoefer-golf-design.de\/de_de\/wp-json\/wp\/v2\/pages\/789\/revisions"}],"predecessor-version":[{"id":797,"href":"https:\/\/katthoefer-golf-design.de\/de_de\/wp-json\/wp\/v2\/pages\/789\/revisions\/797"}],"wp:attachment":[{"href":"https:\/\/katthoefer-golf-design.de\/de_de\/wp-json\/wp\/v2\/media?parent=789"}],"curies":[{"name":"wp","href":"https:\/\/api.w.org\/{rel}","templated":true}]}}