{"id":12,"date":"2023-03-23T19:03:01","date_gmt":"2023-03-23T18:03:01","guid":{"rendered":"https:\/\/katthoefer-golf-design.de\/?page_id=12"},"modified":"2023-04-07T14:03:40","modified_gmt":"2023-04-07T12:03:40","slug":"katthoefer-golf-design-2","status":"publish","type":"page","link":"https:\/\/katthoefer-golf-design.de\/de_de\/katthoefer-golf-design-2\/","title":{"rendered":"Neubau"},"content":{"rendered":"\t\t<div data-elementor-type=\"wp-page\" data-elementor-id=\"12\" class=\"elementor elementor-12\">\n\t\t\t\t\t\t<section class=\"elementor-section elementor-top-section elementor-element elementor-element-c4fd6dc elementor-section-boxed elementor-section-height-default elementor-section-height-default\" data-id=\"c4fd6dc\" data-element_type=\"section\" data-e-type=\"section\">\n\t\t\t\t\t\t<div class=\"elementor-container elementor-column-gap-default\">\n\t\t\t\t\t<div class=\"elementor-column elementor-col-100 elementor-top-column elementor-element elementor-element-bfa4ae9\" data-id=\"bfa4ae9\" data-element_type=\"column\" data-e-type=\"column\">\n\t\t\t<div class=\"elementor-widget-wrap elementor-element-populated\">\n\t\t\t\t\t\t<div class=\"elementor-element elementor-element-719b8f9 elementor-widget elementor-widget-text-editor\" data-id=\"719b8f9\" data-element_type=\"widget\" data-e-type=\"widget\" data-widget_type=\"text-editor.default\">\n\t\t\t\t<div class=\"elementor-widget-container\">\n\t\t\t\t\t\t\t\t\t<p>Durchgef\u00fchrt werden alle Leistungen von der Beratung im Vorfeld bis zur Realisierung des Golfprojektes.<\/p>\t\t\t\t\t\t\t\t<\/div>\n\t\t\t\t<\/div>\n\t\t\t\t\t<\/div>\n\t\t<\/div>\n\t\t\t\t\t<\/div>\n\t\t<\/section>\n\t\t\t\t<section class=\"elementor-section elementor-top-section elementor-element elementor-element-c1fe761 elementor-section-boxed elementor-section-height-default elementor-section-height-default\" data-id=\"c1fe761\" data-element_type=\"section\" data-e-type=\"section\">\n\t\t\t\t\t\t<div class=\"elementor-container elementor-column-gap-default\">\n\t\t\t\t\t<div class=\"elementor-column elementor-col-50 elementor-top-column elementor-element elementor-element-000a5e2\" data-id=\"000a5e2\" data-element_type=\"column\" data-e-type=\"column\">\n\t\t\t<div class=\"elementor-widget-wrap elementor-element-populated\">\n\t\t\t\t\t\t<div class=\"elementor-element elementor-element-242df55 elementor-widget elementor-widget-text-editor\" data-id=\"242df55\" data-element_type=\"widget\" data-e-type=\"widget\" data-widget_type=\"text-editor.default\">\n\t\t\t\t<div class=\"elementor-widget-container\">\n\t\t\t\t\t\t\t\t\t<ul><li>Gel\u00e4nde\u00fcberpr\u00fcfung auf Realisierbarkeit<\/li><li>Entwicklung m\u00f6glicher Routings<\/li><li>Ermittlung des ben\u00f6tigten Platzbedarfs<\/li><li>Anfertigung eines repr\u00e4sentativen Entwurfes f\u00fcr Beh\u00f6rden, Werbung, Investoren,<\/li><li><span style=\"color: var( --e-global-color-text ); background-color: var(--base-3);\">Kostenermittlung \/ Leistungsverzeichnisse<\/span><\/li><li>technische und gestalterische Bauleitung<\/li><li>Koordinierung von Fachb\u00fcros\u00a0 (Vermessung, Genehmigung, Beregnung etc.)<\/li><\/ul>\t\t\t\t\t\t\t\t<\/div>\n\t\t\t\t<\/div>\n\t\t\t\t\t<\/div>\n\t\t<\/div>\n\t\t\t\t<div class=\"elementor-column elementor-col-50 elementor-top-column elementor-element elementor-element-3842ffd\" data-id=\"3842ffd\" data-element_type=\"column\" data-e-type=\"column\">\n\t\t\t<div class=\"elementor-widget-wrap elementor-element-populated\">\n\t\t\t\t\t\t<div class=\"elementor-element elementor-element-8c771ff elementor-widget elementor-widget-image-gallery\" data-id=\"8c771ff\" data-element_type=\"widget\" data-e-type=\"widget\" data-widget_type=\"image-gallery.default\">\n\t\t\t\t<div class=\"elementor-widget-container\">\n\t\t\t\t\t\t\t<div class=\"elementor-image-gallery\">\n\t\t\t<div id='gallery-1' class='gallery galleryid-12 gallery-columns-1 gallery-size-medium_large'><figure class='gallery-item'>\n\t\t\t<div class='gallery-icon landscape'>\n\t\t\t\t<a data-elementor-open-lightbox=\"yes\" data-elementor-lightbox-slideshow=\"8c771ff\" data-elementor-lightbox-title=\"Do-Bahn 2 Kopie\" data-e-action-hash=\"#elementor-action%3Aaction%3Dlightbox%26settings%3DeyJpZCI6NDMsInVybCI6Imh0dHBzOlwvXC9rYXR0aG9lZmVyLWdvbGYtZGVzaWduLmRlXC93cC1jb250ZW50XC91cGxvYWRzXC8yMDIzXC8wM1wvRG8tQmFobi0yLUtvcGllLmpwZyIsInNsaWRlc2hvdyI6IjhjNzcxZmYifQ%3D%3D\" href='https:\/\/katthoefer-golf-design.de\/wp-content\/uploads\/2023\/03\/Do-Bahn-2-Kopie.jpg'><img fetchpriority=\"high\" decoding=\"async\" width=\"768\" height=\"489\" src=\"https:\/\/katthoefer-golf-design.de\/wp-content\/uploads\/2023\/03\/Do-Bahn-2-Kopie-768x489.jpg\" class=\"attachment-medium_large size-medium_large\" alt=\"\" srcset=\"https:\/\/katthoefer-golf-design.de\/wp-content\/uploads\/2023\/03\/Do-Bahn-2-Kopie-768x489.jpg 768w, https:\/\/katthoefer-golf-design.de\/wp-content\/uploads\/2023\/03\/Do-Bahn-2-Kopie-300x191.jpg 300w, https:\/\/katthoefer-golf-design.de\/wp-content\/uploads\/2023\/03\/Do-Bahn-2-Kopie-1024x651.jpg 1024w, https:\/\/katthoefer-golf-design.de\/wp-content\/uploads\/2023\/03\/Do-Bahn-2-Kopie-1536x977.jpg 1536w, https:\/\/katthoefer-golf-design.de\/wp-content\/uploads\/2023\/03\/Do-Bahn-2-Kopie.jpg 1580w\" sizes=\"(max-width: 768px) 100vw, 768px\" \/><\/a>\n\t\t\t<\/div><\/figure>\n\t\t<\/div>\n\t\t<\/div>\n\t\t\t\t\t\t<\/div>\n\t\t\t\t<\/div>\n\t\t\t\t\t<\/div>\n\t\t<\/div>\n\t\t\t\t\t<\/div>\n\t\t<\/section>\n\t\t\t\t<section class=\"elementor-section elementor-top-section elementor-element elementor-element-8cd7a3d elementor-section-boxed elementor-section-height-default elementor-section-height-default\" data-id=\"8cd7a3d\" data-element_type=\"section\" data-e-type=\"section\">\n\t\t\t\t\t\t<div class=\"elementor-container elementor-column-gap-default\">\n\t\t\t\t\t<div class=\"elementor-column elementor-col-100 elementor-top-column elementor-element elementor-element-81f32d8\" data-id=\"81f32d8\" data-element_type=\"column\" data-e-type=\"column\">\n\t\t\t<div class=\"elementor-widget-wrap elementor-element-populated\">\n\t\t\t\t\t\t<div class=\"elementor-element elementor-element-561612e elementor-widget elementor-widget-image-gallery\" data-id=\"561612e\" data-element_type=\"widget\" data-e-type=\"widget\" data-widget_type=\"image-gallery.default\">\n\t\t\t\t<div class=\"elementor-widget-container\">\n\t\t\t\t\t\t\t<div class=\"elementor-image-gallery\">\n\t\t\t<div id='gallery-2' class='gallery galleryid-12 gallery-columns-6 gallery-size-thumbnail'><figure class='gallery-item'>\n\t\t\t<div class='gallery-icon landscape'>\n\t\t\t\t<a data-elementor-open-lightbox=\"yes\" data-elementor-lightbox-slideshow=\"561612e\" data-e-action-hash=\"#elementor-action%3Aaction%3Dlightbox%26settings%3DeyJpZCI6MTMxLCJ1cmwiOiJodHRwczpcL1wva2F0dGhvZWZlci1nb2xmLWRlc2lnbi5kZVwvd3AtY29udGVudFwvdXBsb2Fkc1wvMjAyM1wvMDNcL1A5MjUxMzg5LU9wdGltaWVydC5wbmciLCJzbGlkZXNob3ciOiI1NjE2MTJlIn0%3D\" href='https:\/\/katthoefer-golf-design.de\/wp-content\/uploads\/2023\/03\/P9251389-Optimiert.png'><img decoding=\"async\" width=\"150\" height=\"150\" src=\"https:\/\/katthoefer-golf-design.de\/wp-content\/uploads\/2023\/03\/P9251389-Optimiert-150x150.png\" class=\"attachment-thumbnail size-thumbnail\" alt=\"\" \/><\/a>\n\t\t\t<\/div><\/figure><figure class='gallery-item'>\n\t\t\t<div class='gallery-icon landscape'>\n\t\t\t\t<a data-elementor-open-lightbox=\"yes\" data-elementor-lightbox-slideshow=\"561612e\" data-e-action-hash=\"#elementor-action%3Aaction%3Dlightbox%26settings%3DeyJpZCI6MTE5LCJ1cmwiOiJodHRwczpcL1wva2F0dGhvZWZlci1nb2xmLWRlc2lnbi5kZVwvd3AtY29udGVudFwvdXBsb2Fkc1wvMjAyM1wvMDNcL0F1c3NjaG5pdHQtR3JhZGluZy1CLU9wdGltaWVydC5wbmciLCJzbGlkZXNob3ciOiI1NjE2MTJlIn0%3D\" href='https:\/\/katthoefer-golf-design.de\/wp-content\/uploads\/2023\/03\/Ausschnitt-Grading-B-Optimiert.png'><img decoding=\"async\" width=\"150\" height=\"150\" src=\"https:\/\/katthoefer-golf-design.de\/wp-content\/uploads\/2023\/03\/Ausschnitt-Grading-B-Optimiert-150x150.png\" class=\"attachment-thumbnail size-thumbnail\" alt=\"\" \/><\/a>\n\t\t\t<\/div><\/figure><figure class='gallery-item'>\n\t\t\t<div class='gallery-icon landscape'>\n\t\t\t\t<a data-elementor-open-lightbox=\"yes\" data-elementor-lightbox-slideshow=\"561612e\" data-e-action-hash=\"#elementor-action%3Aaction%3Dlightbox%26settings%3DeyJpZCI6MTIyLCJ1cmwiOiJodHRwczpcL1wva2F0dGhvZWZlci1nb2xmLWRlc2lnbi5kZVwvd3AtY29udGVudFwvdXBsb2Fkc1wvMjAyM1wvMDNcL1AxMDExNDE1LU9wdGltaWVydC5qcGciLCJzbGlkZXNob3ciOiI1NjE2MTJlIn0%3D\" data-elementor-lightbox-title=\"OLYMPUS DIGITAL CAMERA\" href='https:\/\/katthoefer-golf-design.de\/wp-content\/uploads\/2023\/03\/P1011415-Optimiert.jpg'><img loading=\"lazy\" decoding=\"async\" width=\"150\" height=\"150\" src=\"https:\/\/katthoefer-golf-design.de\/wp-content\/uploads\/2023\/03\/P1011415-Optimiert-150x150.jpg\" class=\"attachment-thumbnail size-thumbnail\" alt=\"\" \/><\/a>\n\t\t\t<\/div><\/figure><figure class='gallery-item'>\n\t\t\t<div class='gallery-icon landscape'>\n\t\t\t\t<a data-elementor-open-lightbox=\"yes\" data-elementor-lightbox-slideshow=\"561612e\" data-e-action-hash=\"#elementor-action%3Aaction%3Dlightbox%26settings%3DeyJpZCI6MTE4LCJ1cmwiOiJodHRwczpcL1wva2F0dGhvZWZlci1nb2xmLWRlc2lnbi5kZVwvd3AtY29udGVudFwvdXBsb2Fkc1wvMjAyM1wvMDNcLzMtNC5wbmciLCJzbGlkZXNob3ciOiI1NjE2MTJlIn0%3D\" data-elementor-lightbox-title=\"OLYMPUS DIGITAL CAMERA\" href='https:\/\/katthoefer-golf-design.de\/wp-content\/uploads\/2023\/03\/3-4.png'><img loading=\"lazy\" decoding=\"async\" width=\"150\" height=\"150\" src=\"https:\/\/katthoefer-golf-design.de\/wp-content\/uploads\/2023\/03\/3-4-150x150.png\" class=\"attachment-thumbnail size-thumbnail\" alt=\"\" \/><\/a>\n\t\t\t<\/div><\/figure><figure class='gallery-item'>\n\t\t\t<div class='gallery-icon landscape'>\n\t\t\t\t<a data-elementor-open-lightbox=\"yes\" data-elementor-lightbox-slideshow=\"561612e\" data-e-action-hash=\"#elementor-action%3Aaction%3Dlightbox%26settings%3DeyJpZCI6MTIzLCJ1cmwiOiJodHRwczpcL1wva2F0dGhvZWZlci1nb2xmLWRlc2lnbi5kZVwvd3AtY29udGVudFwvdXBsb2Fkc1wvMjAyM1wvMDNcL1A5MjUxMzg2LU9wdGltaWVydC5wbmciLCJzbGlkZXNob3ciOiI1NjE2MTJlIn0%3D\" data-elementor-lightbox-title=\"P9251386 (Optimiert)\" href='https:\/\/katthoefer-golf-design.de\/wp-content\/uploads\/2023\/03\/P9251386-Optimiert.png'><img loading=\"lazy\" decoding=\"async\" width=\"150\" height=\"150\" src=\"https:\/\/katthoefer-golf-design.de\/wp-content\/uploads\/2023\/03\/P9251386-Optimiert-150x150.png\" class=\"attachment-thumbnail size-thumbnail\" alt=\"\" \/><\/a>\n\t\t\t<\/div><\/figure><figure class='gallery-item'>\n\t\t\t<div class='gallery-icon landscape'>\n\t\t\t\t<a data-elementor-open-lightbox=\"yes\" data-elementor-lightbox-slideshow=\"561612e\" data-e-action-hash=\"#elementor-action%3Aaction%3Dlightbox%26settings%3DeyJpZCI6NTQ5LCJ1cmwiOiJodHRwczpcL1wva2F0dGhvZWZlci1nb2xmLWRlc2lnbi5kZVwvd3AtY29udGVudFwvdXBsb2Fkc1wvMjAyM1wvMDNcLzI0Mi5wbmciLCJzbGlkZXNob3ciOiI1NjE2MTJlIn0%3D\" data-elementor-lightbox-title=\"242\" href='https:\/\/katthoefer-golf-design.de\/wp-content\/uploads\/2023\/03\/242.png'><img loading=\"lazy\" decoding=\"async\" width=\"150\" height=\"150\" src=\"https:\/\/katthoefer-golf-design.de\/wp-content\/uploads\/2023\/03\/242-150x150.png\" class=\"attachment-thumbnail size-thumbnail\" alt=\"\" \/><\/a>\n\t\t\t<\/div><\/figure>\n\t\t<\/div>\n\t\t<\/div>\n\t\t\t\t\t\t<\/div>\n\t\t\t\t<\/div>\n\t\t\t\t\t<\/div>\n\t\t<\/div>\n\t\t\t\t\t<\/div>\n\t\t<\/section>\n\t\t\t\t<section class=\"elementor-section elementor-top-section elementor-element elementor-element-251e74d elementor-section-boxed elementor-section-height-default elementor-section-height-default\" data-id=\"251e74d\" data-element_type=\"section\" data-e-type=\"section\">\n\t\t\t\t\t\t<div class=\"elementor-container elementor-column-gap-default\">\n\t\t\t\t\t<div class=\"elementor-column elementor-col-100 elementor-top-column elementor-element elementor-element-3ee17b4\" data-id=\"3ee17b4\" data-element_type=\"column\" data-e-type=\"column\">\n\t\t\t<div class=\"elementor-widget-wrap elementor-element-populated\">\n\t\t\t\t\t\t<div class=\"elementor-element elementor-element-2fc51ab elementor-widget elementor-widget-text-editor\" data-id=\"2fc51ab\" data-element_type=\"widget\" data-e-type=\"widget\" data-widget_type=\"text-editor.default\">\n\t\t\t\t<div class=\"elementor-widget-container\">\n\t\t\t\t\t\t\t\t\t<p>Planungsziel:<\/p>\t\t\t\t\t\t\t\t<\/div>\n\t\t\t\t<\/div>\n\t\t\t\t\t<\/div>\n\t\t<\/div>\n\t\t\t\t\t<\/div>\n\t\t<\/section>\n\t\t\t\t<section class=\"elementor-section elementor-top-section elementor-element elementor-element-f325bbb elementor-section-boxed elementor-section-height-default elementor-section-height-default\" data-id=\"f325bbb\" data-element_type=\"section\" data-e-type=\"section\">\n\t\t\t\t\t\t<div class=\"elementor-container elementor-column-gap-default\">\n\t\t\t\t\t<div class=\"elementor-column elementor-col-100 elementor-top-column elementor-element elementor-element-0fd55f0\" data-id=\"0fd55f0\" data-element_type=\"column\" data-e-type=\"column\">\n\t\t\t<div class=\"elementor-widget-wrap elementor-element-populated\">\n\t\t\t\t\t\t<div class=\"elementor-element elementor-element-005c1db elementor-widget elementor-widget-text-editor\" data-id=\"005c1db\" data-element_type=\"widget\" data-e-type=\"widget\" data-widget_type=\"text-editor.default\">\n\t\t\t\t<div class=\"elementor-widget-container\">\n\t\t\t\t\t\t\t\t\t<p>&#8222;Die Philosophie ist, das Potential der nat\u00fcrlichen Umgebung kreativ zu nutzen und zu ber\u00fccksichtigen. Dabei sollen immer unterschiedliche Bahnen geschaffen werden, die in der gestalterischen Ausformung und der spielerischen Herausforderung interessant und abwechslungsreich sind.&#8220;<\/p>\n<p>Ulrich Katth\u00f6fer <\/p>\t\t\t\t\t\t\t\t<\/div>\n\t\t\t\t<\/div>\n\t\t\t\t\t<\/div>\n\t\t<\/div>\n\t\t\t\t\t<\/div>\n\t\t<\/section>\n\t\t\t\t<\/div>\n\t\t","protected":false},"excerpt":{"rendered":"<p>Durchgef\u00fchrt werden alle Leistungen von der Beratung im Vorfeld bis zur Realisierung des Golfprojektes. Gel\u00e4nde\u00fcberpr\u00fcfung auf Realisierbarkeit Entwicklung m\u00f6glicher Routings Ermittlung des ben\u00f6tigten Platzbedarfs Anfertigung eines repr\u00e4sentativen Entwurfes f\u00fcr Beh\u00f6rden, Werbung, Investoren, Kostenermittlung \/ Leistungsverzeichnisse technische und gestalterische Bauleitung Koordinierung von Fachb\u00fcros\u00a0 (Vermessung, Genehmigung, Beregnung etc.) Planungsziel: &#8222;Die Philosophie ist, das Potential der nat\u00fcrlichen Umgebung &#8230; <a title=\"Neubau\" class=\"read-more\" href=\"https:\/\/katthoefer-golf-design.de\/de_de\/katthoefer-golf-design-2\/\" aria-label=\"Read more about Neubau\">Weiterlesen<\/a><\/p>\n","protected":false},"author":1,"featured_media":0,"parent":0,"menu_order":0,"comment_status":"closed","ping_status":"closed","template":"","meta":{"footnotes":""},"class_list":["post-12","page","type-page","status-publish"],"yoast_head":"<!-- This site is optimized with the Yoast SEO plugin v27.5 - https:\/\/yoast.com\/product\/yoast-seo-wordpress\/ -->\n<title>Neubau - Katthoefer Golf Design<\/title>\n<meta name=\"robots\" content=\"index, follow, max-snippet:-1, max-image-preview:large, max-video-preview:-1\" \/>\n<link rel=\"canonical\" href=\"https:\/\/katthoefer-golf-design.de\/de_de\/katthoefer-golf-design-2\/\" \/>\n<meta property=\"og:locale\" content=\"de_DE\" \/>\n<meta property=\"og:type\" content=\"article\" \/>\n<meta property=\"og:title\" content=\"Neubau - Katthoefer Golf Design\" \/>\n<meta property=\"og:description\" content=\"Durchgef\u00fchrt werden alle Leistungen von der Beratung im Vorfeld bis zur Realisierung des Golfprojektes. Gel\u00e4nde\u00fcberpr\u00fcfung auf Realisierbarkeit Entwicklung m\u00f6glicher Routings Ermittlung des ben\u00f6tigten Platzbedarfs Anfertigung eines repr\u00e4sentativen Entwurfes f\u00fcr Beh\u00f6rden, Werbung, Investoren, Kostenermittlung \/ Leistungsverzeichnisse technische und gestalterische Bauleitung Koordinierung von Fachb\u00fcros\u00a0 (Vermessung, Genehmigung, Beregnung etc.) Planungsziel: &#8222;Die Philosophie ist, das Potential der nat\u00fcrlichen Umgebung ... Weiterlesen\" \/>\n<meta property=\"og:url\" content=\"https:\/\/katthoefer-golf-design.de\/de_de\/katthoefer-golf-design-2\/\" \/>\n<meta property=\"og:site_name\" content=\"Katthoefer Golf Design\" \/>\n<meta property=\"article:modified_time\" content=\"2023-04-07T12:03:40+00:00\" \/>\n<meta property=\"og:image\" content=\"https:\/\/katthoefer-golf-design.de\/wp-content\/uploads\/2023\/03\/Do-Bahn-2-Kopie-768x489.jpg\" \/>\n<meta name=\"twitter:card\" content=\"summary_large_image\" \/>\n<script type=\"application\/ld+json\" class=\"yoast-schema-graph\">{\"@context\":\"https:\\\/\\\/schema.org\",\"@graph\":[{\"@type\":\"WebPage\",\"@id\":\"https:\\\/\\\/katthoefer-golf-design.de\\\/en\\\/katthoefer-golf-design-2\\\/\",\"url\":\"https:\\\/\\\/katthoefer-golf-design.de\\\/en\\\/katthoefer-golf-design-2\\\/\",\"name\":\"Neubau - Katthoefer Golf Design\",\"isPartOf\":{\"@id\":\"https:\\\/\\\/katthoefer-golf-design.de\\\/de_de\\\/#website\"},\"primaryImageOfPage\":{\"@id\":\"https:\\\/\\\/katthoefer-golf-design.de\\\/en\\\/katthoefer-golf-design-2\\\/#primaryimage\"},\"image\":{\"@id\":\"https:\\\/\\\/katthoefer-golf-design.de\\\/en\\\/katthoefer-golf-design-2\\\/#primaryimage\"},\"thumbnailUrl\":\"https:\\\/\\\/katthoefer-golf-design.de\\\/wp-content\\\/uploads\\\/2023\\\/03\\\/Do-Bahn-2-Kopie-768x489.jpg\",\"datePublished\":\"2023-03-23T18:03:01+00:00\",\"dateModified\":\"2023-04-07T12:03:40+00:00\",\"breadcrumb\":{\"@id\":\"https:\\\/\\\/katthoefer-golf-design.de\\\/en\\\/katthoefer-golf-design-2\\\/#breadcrumb\"},\"inLanguage\":\"de\",\"potentialAction\":[{\"@type\":\"ReadAction\",\"target\":[\"https:\\\/\\\/katthoefer-golf-design.de\\\/en\\\/katthoefer-golf-design-2\\\/\"]}]},{\"@type\":\"ImageObject\",\"inLanguage\":\"de\",\"@id\":\"https:\\\/\\\/katthoefer-golf-design.de\\\/en\\\/katthoefer-golf-design-2\\\/#primaryimage\",\"url\":\"https:\\\/\\\/katthoefer-golf-design.de\\\/wp-content\\\/uploads\\\/2023\\\/03\\\/Do-Bahn-2-Kopie-768x489.jpg\",\"contentUrl\":\"https:\\\/\\\/katthoefer-golf-design.de\\\/wp-content\\\/uploads\\\/2023\\\/03\\\/Do-Bahn-2-Kopie-768x489.jpg\"},{\"@type\":\"BreadcrumbList\",\"@id\":\"https:\\\/\\\/katthoefer-golf-design.de\\\/en\\\/katthoefer-golf-design-2\\\/#breadcrumb\",\"itemListElement\":[{\"@type\":\"ListItem\",\"position\":1,\"name\":\"Home\",\"item\":\"https:\\\/\\\/katthoefer-golf-design.de\\\/de_de\\\/\"},{\"@type\":\"ListItem\",\"position\":2,\"name\":\"Neubau\"}]},{\"@type\":\"WebSite\",\"@id\":\"https:\\\/\\\/katthoefer-golf-design.de\\\/de_de\\\/#website\",\"url\":\"https:\\\/\\\/katthoefer-golf-design.de\\\/de_de\\\/\",\"name\":\"Katthoefer Golf Design\",\"description\":\"Das B&uuml;ro f&uuml;r kreatives Golf-Design, ( Golfplatzarchitektur, Renovierung )\",\"publisher\":{\"@id\":\"https:\\\/\\\/katthoefer-golf-design.de\\\/de_de\\\/#organization\"},\"potentialAction\":[{\"@type\":\"SearchAction\",\"target\":{\"@type\":\"EntryPoint\",\"urlTemplate\":\"https:\\\/\\\/katthoefer-golf-design.de\\\/de_de\\\/?s={search_term_string}\"},\"query-input\":{\"@type\":\"PropertyValueSpecification\",\"valueRequired\":true,\"valueName\":\"search_term_string\"}}],\"inLanguage\":\"de\"},{\"@type\":\"Organization\",\"@id\":\"https:\\\/\\\/katthoefer-golf-design.de\\\/de_de\\\/#organization\",\"name\":\"Katthoefer Golf Design\",\"url\":\"https:\\\/\\\/katthoefer-golf-design.de\\\/de_de\\\/\",\"logo\":{\"@type\":\"ImageObject\",\"inLanguage\":\"de\",\"@id\":\"https:\\\/\\\/katthoefer-golf-design.de\\\/de_de\\\/#\\\/schema\\\/logo\\\/image\\\/\",\"url\":\"https:\\\/\\\/katthoefer-golf-design.de\\\/wp-content\\\/uploads\\\/2023\\\/03\\\/cropped-kgd-Logo.jpg\",\"contentUrl\":\"https:\\\/\\\/katthoefer-golf-design.de\\\/wp-content\\\/uploads\\\/2023\\\/03\\\/cropped-kgd-Logo.jpg\",\"width\":1037,\"height\":572,\"caption\":\"Katthoefer Golf Design\"},\"image\":{\"@id\":\"https:\\\/\\\/katthoefer-golf-design.de\\\/de_de\\\/#\\\/schema\\\/logo\\\/image\\\/\"}}]}<\/script>\n<!-- \/ Yoast SEO plugin. -->","yoast_head_json":{"title":"Neubau - Katthoefer Golf Design","robots":{"index":"index","follow":"follow","max-snippet":"max-snippet:-1","max-image-preview":"max-image-preview:large","max-video-preview":"max-video-preview:-1"},"canonical":"https:\/\/katthoefer-golf-design.de\/de_de\/katthoefer-golf-design-2\/","og_locale":"de_DE","og_type":"article","og_title":"Neubau - Katthoefer Golf Design","og_description":"Durchgef\u00fchrt werden alle Leistungen von der Beratung im Vorfeld bis zur Realisierung des Golfprojektes. Gel\u00e4nde\u00fcberpr\u00fcfung auf Realisierbarkeit Entwicklung m\u00f6glicher Routings Ermittlung des ben\u00f6tigten Platzbedarfs Anfertigung eines repr\u00e4sentativen Entwurfes f\u00fcr Beh\u00f6rden, Werbung, Investoren, Kostenermittlung \/ Leistungsverzeichnisse technische und gestalterische Bauleitung Koordinierung von Fachb\u00fcros\u00a0 (Vermessung, Genehmigung, Beregnung etc.) Planungsziel: &#8222;Die Philosophie ist, das Potential der nat\u00fcrlichen Umgebung ... Weiterlesen","og_url":"https:\/\/katthoefer-golf-design.de\/de_de\/katthoefer-golf-design-2\/","og_site_name":"Katthoefer Golf Design","article_modified_time":"2023-04-07T12:03:40+00:00","og_image":[{"url":"https:\/\/katthoefer-golf-design.de\/wp-content\/uploads\/2023\/03\/Do-Bahn-2-Kopie-768x489.jpg","type":"","width":"","height":""}],"twitter_card":"summary_large_image","schema":{"@context":"https:\/\/schema.org","@graph":[{"@type":"WebPage","@id":"https:\/\/katthoefer-golf-design.de\/en\/katthoefer-golf-design-2\/","url":"https:\/\/katthoefer-golf-design.de\/en\/katthoefer-golf-design-2\/","name":"Neubau - Katthoefer Golf Design","isPartOf":{"@id":"https:\/\/katthoefer-golf-design.de\/de_de\/#website"},"primaryImageOfPage":{"@id":"https:\/\/katthoefer-golf-design.de\/en\/katthoefer-golf-design-2\/#primaryimage"},"image":{"@id":"https:\/\/katthoefer-golf-design.de\/en\/katthoefer-golf-design-2\/#primaryimage"},"thumbnailUrl":"https:\/\/katthoefer-golf-design.de\/wp-content\/uploads\/2023\/03\/Do-Bahn-2-Kopie-768x489.jpg","datePublished":"2023-03-23T18:03:01+00:00","dateModified":"2023-04-07T12:03:40+00:00","breadcrumb":{"@id":"https:\/\/katthoefer-golf-design.de\/en\/katthoefer-golf-design-2\/#breadcrumb"},"inLanguage":"de","potentialAction":[{"@type":"ReadAction","target":["https:\/\/katthoefer-golf-design.de\/en\/katthoefer-golf-design-2\/"]}]},{"@type":"ImageObject","inLanguage":"de","@id":"https:\/\/katthoefer-golf-design.de\/en\/katthoefer-golf-design-2\/#primaryimage","url":"https:\/\/katthoefer-golf-design.de\/wp-content\/uploads\/2023\/03\/Do-Bahn-2-Kopie-768x489.jpg","contentUrl":"https:\/\/katthoefer-golf-design.de\/wp-content\/uploads\/2023\/03\/Do-Bahn-2-Kopie-768x489.jpg"},{"@type":"BreadcrumbList","@id":"https:\/\/katthoefer-golf-design.de\/en\/katthoefer-golf-design-2\/#breadcrumb","itemListElement":[{"@type":"ListItem","position":1,"name":"Home","item":"https:\/\/katthoefer-golf-design.de\/de_de\/"},{"@type":"ListItem","position":2,"name":"Neubau"}]},{"@type":"WebSite","@id":"https:\/\/katthoefer-golf-design.de\/de_de\/#website","url":"https:\/\/katthoefer-golf-design.de\/de_de\/","name":"Katthoefer Golf Design","description":"Das B&uuml;ro f&uuml;r kreatives Golf-Design, ( Golfplatzarchitektur, Renovierung )","publisher":{"@id":"https:\/\/katthoefer-golf-design.de\/de_de\/#organization"},"potentialAction":[{"@type":"SearchAction","target":{"@type":"EntryPoint","urlTemplate":"https:\/\/katthoefer-golf-design.de\/de_de\/?s={search_term_string}"},"query-input":{"@type":"PropertyValueSpecification","valueRequired":true,"valueName":"search_term_string"}}],"inLanguage":"de"},{"@type":"Organization","@id":"https:\/\/katthoefer-golf-design.de\/de_de\/#organization","name":"Katthoefer Golf Design","url":"https:\/\/katthoefer-golf-design.de\/de_de\/","logo":{"@type":"ImageObject","inLanguage":"de","@id":"https:\/\/katthoefer-golf-design.de\/de_de\/#\/schema\/logo\/image\/","url":"https:\/\/katthoefer-golf-design.de\/wp-content\/uploads\/2023\/03\/cropped-kgd-Logo.jpg","contentUrl":"https:\/\/katthoefer-golf-design.de\/wp-content\/uploads\/2023\/03\/cropped-kgd-Logo.jpg","width":1037,"height":572,"caption":"Katthoefer Golf Design"},"image":{"@id":"https:\/\/katthoefer-golf-design.de\/de_de\/#\/schema\/logo\/image\/"}}]}},"_links":{"self":[{"href":"https:\/\/katthoefer-golf-design.de\/de_de\/wp-json\/wp\/v2\/pages\/12","targetHints":{"allow":["GET"]}}],"collection":[{"href":"https:\/\/katthoefer-golf-design.de\/de_de\/wp-json\/wp\/v2\/pages"}],"about":[{"href":"https:\/\/katthoefer-golf-design.de\/de_de\/wp-json\/wp\/v2\/types\/page"}],"author":[{"embeddable":true,"href":"https:\/\/katthoefer-golf-design.de\/de_de\/wp-json\/wp\/v2\/users\/1"}],"replies":[{"embeddable":true,"href":"https:\/\/katthoefer-golf-design.de\/de_de\/wp-json\/wp\/v2\/comments?post=12"}],"version-history":[{"count":74,"href":"https:\/\/katthoefer-golf-design.de\/de_de\/wp-json\/wp\/v2\/pages\/12\/revisions"}],"predecessor-version":[{"id":841,"href":"https:\/\/katthoefer-golf-design.de\/de_de\/wp-json\/wp\/v2\/pages\/12\/revisions\/841"}],"wp:attachment":[{"href":"https:\/\/katthoefer-golf-design.de\/de_de\/wp-json\/wp\/v2\/media?parent=12"}],"curies":[{"name":"wp","href":"https:\/\/api.w.org\/{rel}","templated":true}]}}